{"id":1279,"date":"2014-05-30T16:09:51","date_gmt":"2014-05-30T13:09:51","guid":{"rendered":"http:\/\/www.psycovery.ro\/?page_id=1279"},"modified":"2014-05-30T16:09:51","modified_gmt":"2014-05-30T13:09:51","slug":"pornografia-si-creierul-uman","status":"publish","type":"page","link":"https:\/\/www.psycovery.ro\/?page_id=1279","title":{"rendered":"Pornografia si creierul uman"},"content":{"rendered":"<p style=\"text-align: justify;\">Vizionarea materialelor pornografice ar putea duce la mic\u015forarea creierului \u015fi la atenuarea<img loading=\"lazy\" decoding=\"async\" class=\"alignright size-thumbnail wp-image-1280\" alt=\"watching porn\" src=\"http:\/\/www.psycovery.ro\/wp-content\/uploads\/2014\/05\/watching-porn-150x150.png\" width=\"150\" height=\"150\" \/> reac\u0163iilor la stimuli sexuali, arat\u0103 un studiu realizat de cercet\u0103torii germani.<\/p>\n<p style=\"text-align: justify;\">Este pentru prima dat\u0103 c\u00e2nd oamenii de \u015ftiin\u0163\u0103 descoper\u0103 o posibil\u0103 leg\u0103tur\u0103 \u00eentre vizionarea frecvent\u0103 a pornografiei \u015fi anumite caracteristici fizice ale organismului uman.<\/p>\n<p style=\"text-align: justify;\">Ar putea exista, totu\u015fi, \u015fi o explica\u0163ie alternativ\u0103, spun autorii studiului: persoanele care petrec mult timp uit\u00e2ndu-se la asemenea imagini s-au n\u0103scut cu anumite particularit\u0103\u0163i la nivelul creierului. Astfel, b\u0103rba\u0163ii la care o anumit\u0103 arie cerebral\u0103, numit\u0103 striatum &#8211; asociat\u0103 cu recompensa \u2013 are dimensiuni mai mici dec\u00e2t \u00een mod obi\u015fnuit ar putea fi mai \u00eenclina\u0163i s\u0103 vizioneze materiale porno.<\/p>\n<p style=\"text-align: justify;\">Cu alte cuvinte, exist\u0103 o corela\u0163ie \u00eentre vizionarea frecvent\u0103 a pornografiei, pe de o parte, \u015fi volumul mai redus al creierului \u015fi atenuarea r\u0103spunsului cerebral la stimuli sexuali, pe de alt\u0103 parte; dar nu se poate spune \u00eenc\u0103 dac\u0103 e vorba despre o leg\u0103tur\u0103 cauz\u0103-efect.<\/p>\n<p style=\"text-align: justify;\">Cercet\u0103rii de la Institutul Max Planck din Berlin au recrutat 64 de b\u0103rba\u0163i s\u0103n\u0103to\u015fi, cu v\u00e2rsta \u00eentre 21 \u015fi 45 de ani, \u015fi i-au chestionat \u00een privin\u0163a obiceiurilor lor legate de vizionarea materialelor pornografice.<\/p>\n<p style=\"text-align: justify;\">De asemenea, au analizat creierele acestor b\u0103rba\u0163i, m\u0103sur\u00e2nd volumul cerebral \u015fi observ\u00e2nd modul \u00een care creierele reac\u0163ionau la imagini pornografice. Rezultatele studiului au fost publicate \u00een JAMA Psychiatry.<\/p>\n<p style=\"text-align: justify;\">Cercet\u0103torii au descopreit diferen\u0163e semnificative \u00eentre creierele b\u0103rba\u0163ilor care accesau \u00een mod frecvent site-uri cu fotografii sau filme porno \u015fi creierele participan\u0163ilor care recurgeau rar la aceste site-uri.<\/p>\n<p style=\"text-align: justify;\">Astfel, volumul ariei numite striatum, o zon\u0103 cerebral\u0103 asociat\u0103 cu sistemul de recompens\u0103 al creierului \u015fi cu comportamentele motivate, era cu at\u00e2t mai mic cu c\u00e2t participan\u0163ii vizionau mai multe materiale pornografice.<\/p>\n<p style=\"text-align: justify;\">\u00cen plus, s-a constatat c\u0103 o anumit\u0103 regiune din striatum, care, \u00een mod normal, \u00a0se activeaz\u0103 atunci c\u00e2nd oamenii percep stimuli sexuali vizuali, prezenta o activitate cu at\u00e2t mai redus\u0103 cu c\u00e2t subiec\u0163ii vizionau mai des materiale pornografice.<\/p>\n<p style=\"text-align: justify;\">Totu\u015fi, al\u0163i cercet\u0103tori consider\u0103 c\u0103 vizionarea pornografiei la un nivel moderat \u00a0nu ar fi d\u0103un\u0103toare.<\/p>\n<p style=\"text-align: justify;\">\u201eOrice lucru e r\u0103u c\u00e2nd e \u00een exces, dar, probabil, c\u00e2nd e la un nivel moderat, nu e chiar groaznic\u201d, spune dr. Gregory Tau, de la Universitatea Columbia (care nu a luat parte la studiu), ad\u0103ung\u00e2nd c\u0103 sunt necesare mai multe cercet\u0103ri, \u00een special studii de mai lung\u0103 durat\u0103, pentru a elucida dac\u0103 \u00eentr-adev\u0103r consumul de materiale pornografice determin\u0103 schimb\u0103ri la nivelul creierului.<\/p>\n<p style=\"text-align: right;\"><em>Sursa: <\/em><a title=\"Vizionarea frecvent\u0103 a materialelor pornografice ar putea duce la mic\u015forarea creierului \u015fi la atenuarea reac\u0163iilor lui la stimuli sexuali\" href=\"http:\/\/www.descopera.ro\/dnews\/12666184-barbatii-care-se-uita-la-filme-porno-au-creierul-mai-mic-ce-alte-legaturi-au-mai-evidentiat-cercetatorii-intre-pornografie-si-creierul-masculin\">descopera.ro<\/a><\/p>\n","protected":false},"excerpt":{"rendered":"<p>Vizionarea materialelor pornografice ar putea duce la mic\u015forarea creierului \u015fi la atenuarea reac\u0163iilor la stimuli sexuali, arat\u0103 un studiu realizat de cercet\u0103torii germani. Este pentru prima dat\u0103 c\u00e2nd oamenii de \u015ftiin\u0163\u0103 descoper\u0103 o posibil\u0103 leg\u0103tur\u0103 \u00eentre vizionarea frecvent\u0103 a pornografiei \u015fi anumite caracteristici fizice ale organismului uman. Ar putea exista, totu\u015fi, \u015fi o explica\u0163ie alternativ\u0103, [&hellip;]<\/p>\n","protected":false},"author":1,"featured_media":1280,"parent":0,"menu_order":0,"comment_status":"closed","ping_status":"open","template":"","meta":{"footnotes":""},"class_list":["post-1279","page","type-page","status-publish","has-post-thumbnail","hentry"],"_links":{"self":[{"href":"https:\/\/www.psycovery.ro\/index.php?rest_route=\/wp\/v2\/pages\/1279","targetHints":{"allow":["GET"]}}],"collection":[{"href":"https:\/\/www.psycovery.ro\/index.php?rest_route=\/wp\/v2\/pages"}],"about":[{"href":"https:\/\/www.psycovery.ro\/index.php?rest_route=\/wp\/v2\/types\/page"}],"author":[{"embeddable":true,"href":"https:\/\/www.psycovery.ro\/index.php?rest_route=\/wp\/v2\/users\/1"}],"replies":[{"embeddable":true,"href":"https:\/\/www.psycovery.ro\/index.php?rest_route=%2Fwp%2Fv2%2Fcomments&post=1279"}],"version-history":[{"count":1,"href":"https:\/\/www.psycovery.ro\/index.php?rest_route=\/wp\/v2\/pages\/1279\/revisions"}],"predecessor-version":[{"id":1281,"href":"https:\/\/www.psycovery.ro\/index.php?rest_route=\/wp\/v2\/pages\/1279\/revisions\/1281"}],"wp:featuredmedia":[{"embeddable":true,"href":"https:\/\/www.psycovery.ro\/index.php?rest_route=\/wp\/v2\/media\/1280"}],"wp:attachment":[{"href":"https:\/\/www.psycovery.ro\/index.php?rest_route=%2Fwp%2Fv2%2Fmedia&parent=1279"}],"curies":[{"name":"wp","href":"https:\/\/api.w.org\/{rel}","templated":true}]}}