{"id":1384,"date":"2015-06-03T16:39:29","date_gmt":"2015-06-03T13:39:29","guid":{"rendered":"http:\/\/www.psycovery.ro\/?page_id=1384"},"modified":"2015-06-03T16:45:37","modified_gmt":"2015-06-03T13:45:37","slug":"oxitocina-hormonul-atasamentului","status":"publish","type":"page","link":"https:\/\/www.psycovery.ro\/?page_id=1384","title":{"rendered":"Oxitocina &#8211; hormonul atasamentului"},"content":{"rendered":"<p><img loading=\"lazy\" decoding=\"async\" class=\"alignleft size-medium wp-image-1385\" src=\"http:\/\/www.psycovery.ro\/wp-content\/uploads\/2015\/06\/Oxytocin-300x189.png\" alt=\"Oxytocin\" width=\"300\" height=\"189\" srcset=\"https:\/\/www.psycovery.ro\/wp-content\/uploads\/2015\/06\/Oxytocin-300x189.png 300w, https:\/\/www.psycovery.ro\/wp-content\/uploads\/2015\/06\/Oxytocin.png 556w\" sizes=\"auto, (max-width: 300px) 100vw, 300px\" \/><\/p>\n<p><strong>Oxitocina<\/strong> &#8211; supranumit\u0103 hormonul atasamentului, este un neuromodulator produs \u00een creierul mamiferelor (\u00een nucleii supraoptici si\u00a0paraventriculari ai hipotalamusului) \u015fi, printre altele, st\u0103 la baza sentimentului iubirii, empatiei si conect\u0103rii sociale.<\/p>\n<p>&nbsp;<\/p>\n<p>&nbsp;<\/p>\n<p>&nbsp;<\/p>\n<p><strong>Efecte:<\/strong><\/p>\n<p>&nbsp;<\/p>\n<ul>\n<li>Contribuie la generarea sentimentului de satisfac\u021bie, la reducerea anxiet\u0103\u021bii \u0219i la cre\u0219terea calmului \u0219i sentimentului de securitate \u00een compania partenerului. Aceste date sugereaz\u0103 faptul c\u0103 oxitocina ar putea juca un rol important \u00een inhibi\u021bia regiunilor cerebrale asociate cu controlul comportamental, frica \u015fi anxietatea, facilit\u00e2nd astfel aparitia orgasmului. O Cercetare a demonstrat de asemenea c\u0103 oxitocin\u0103 poate sc\u0103dea anxietatea \u0219i proteja \u00eempotriva stresului, \u00een special \u00een conjunc\u0163ie cu suportul social.<\/li>\n<\/ul>\n<ul>\n<li>Hormon anti-stres, oxitocina joac\u0103 un rol \u00een modularea activit\u0103\u021bii traiectului hipotalamo-pituitaro-adrenal, inhib\u00e2nd indirect eliberarea hormonului adrenocorticotrop (ACTH) \u0219i a cortizolului (hormonul stresului).<\/li>\n<\/ul>\n<ul>\n<li>Oxitocina pare a modula r\u0103spunsul inflamator al organismului prin sc\u0103derea anumitor citokine, av\u00e2nd poten\u021bialul de a gr\u0103bi vindecarea r\u0103nilor.<\/li>\n<\/ul>\n<ul>\n<li>Unele studii sugereaz\u0103 c\u0103 oxitocina inhib\u0103 dezvoltarea toleran\u0163ei la diverse substan\u021be psihoactive (opiacee, cocain\u0103, alcool) \u015fi reduce simptomele de sevraj.<\/li>\n<\/ul>\n<ul>\n<li>Oxitocina favorizeaz\u0103 protejarea intereselor de grup de catre membri, \u00een defavoarea intereselor individuale sau ale altui grup de indivizi cu caracteristici diferite.<\/li>\n<\/ul>\n<p>&nbsp;<\/p>\n<p><strong>Concentra\u0163ii mai mari <\/strong>ale oxitocinei s-au \u00eenregistrat \u00een timpul:<\/p>\n<ul>\n<li>actului sexual, orgasmului si dup\u0103 orgasm<\/li>\n<li>activit\u0103\u0163ilor de petting (m\u00e2ng\u00e2ierea unui animal de companie).<\/li>\n<li>Interac\u0163iunilor sociale pozitive<\/li>\n<\/ul>\n","protected":false},"excerpt":{"rendered":"<p>Oxitocina &#8211; supranumit\u0103 hormonul atasamentului, este un neuromodulator produs \u00een creierul mamiferelor (\u00een nucleii supraoptici si\u00a0paraventriculari ai hipotalamusului) \u015fi, printre altele, st\u0103 la baza sentimentului iubirii, empatiei si conect\u0103rii sociale. &nbsp; &nbsp; &nbsp; Efecte: &nbsp; Contribuie la generarea sentimentului de satisfac\u021bie, la reducerea anxiet\u0103\u021bii \u0219i la cre\u0219terea calmului \u0219i sentimentului de securitate \u00een compania partenerului. [&hellip;]<\/p>\n","protected":false},"author":1,"featured_media":0,"parent":0,"menu_order":0,"comment_status":"closed","ping_status":"open","template":"","meta":{"footnotes":""},"class_list":["post-1384","page","type-page","status-publish","hentry"],"_links":{"self":[{"href":"https:\/\/www.psycovery.ro\/index.php?rest_route=\/wp\/v2\/pages\/1384","targetHints":{"allow":["GET"]}}],"collection":[{"href":"https:\/\/www.psycovery.ro\/index.php?rest_route=\/wp\/v2\/pages"}],"about":[{"href":"https:\/\/www.psycovery.ro\/index.php?rest_route=\/wp\/v2\/types\/page"}],"author":[{"embeddable":true,"href":"https:\/\/www.psycovery.ro\/index.php?rest_route=\/wp\/v2\/users\/1"}],"replies":[{"embeddable":true,"href":"https:\/\/www.psycovery.ro\/index.php?rest_route=%2Fwp%2Fv2%2Fcomments&post=1384"}],"version-history":[{"count":3,"href":"https:\/\/www.psycovery.ro\/index.php?rest_route=\/wp\/v2\/pages\/1384\/revisions"}],"predecessor-version":[{"id":1389,"href":"https:\/\/www.psycovery.ro\/index.php?rest_route=\/wp\/v2\/pages\/1384\/revisions\/1389"}],"wp:attachment":[{"href":"https:\/\/www.psycovery.ro\/index.php?rest_route=%2Fwp%2Fv2%2Fmedia&parent=1384"}],"curies":[{"name":"wp","href":"https:\/\/api.w.org\/{rel}","templated":true}]}}