{"id":1396,"date":"2015-06-17T12:55:16","date_gmt":"2015-06-17T09:55:16","guid":{"rendered":"http:\/\/www.psycovery.ro\/?page_id=1396"},"modified":"2015-06-21T20:04:14","modified_gmt":"2015-06-21T17:04:14","slug":"pro-bono","status":"publish","type":"page","link":"https:\/\/www.psycovery.ro\/?page_id=1396","title":{"rendered":"Pro Bono"},"content":{"rendered":"<p><img loading=\"lazy\" decoding=\"async\" class=\"alignleft size-medium wp-image-1397\" src=\"http:\/\/www.psycovery.ro\/wp-content\/uploads\/2015\/06\/probono-300x288.png\" alt=\"probono\" width=\"300\" height=\"288\" srcset=\"https:\/\/www.psycovery.ro\/wp-content\/uploads\/2015\/06\/probono-300x288.png 300w, https:\/\/www.psycovery.ro\/wp-content\/uploads\/2015\/06\/probono.png 474w\" sizes=\"auto, (max-width: 300px) 100vw, 300px\" \/>Tulbur\u0103rile abordabile \u00een cadrul psihoterapiei cognitiv-comportamentale includ simptomatologii serioase a c\u0103ror cronicizare poate \u00eensemna \u00een destul de multe cazuri un prognostic defavorabil. Toat\u0103 lumea \u015ftie c\u0103 o depresie netratat\u0103 poate uneori evolua p\u00e2n\u0103 la suicid, de exemplu. O tulburare de panic\u0103 netratat\u0103 poate evolua \u00een agorafobie, una din consecin\u0163ele grave ale acesteia fiind pierderea locului de munc\u0103. De multe ori, \u00eens\u0103, impedimentele financiare nu ne permit s\u0103 beneficiem de tratamentul necesar. Din acest considerent, am decis s\u0103 preiau un caz de care s\u0103 m\u0103 ocup gratuit. Dac\u0103 sim\u0163i c\u0103 ai nevoie de psihoterapie sau dac\u0103 un medic \u0163i-a recomandat s\u0103 mergi la psiholog \u00eens\u0103 nu-\u0163i permi\u0163i financiar, e\u015fti candidatul perfect. De asemenea, dac\u0103 \u015ftii o persoan\u0103 care are nevoie,\u00a0 po\u0163i face o fapt\u0103 bun\u0103 anun\u0163\u00e2nd-o.<\/p>\n<p>Tot ce trebuie s\u0103 faci este sa trimi\u0163i un e-mail pe adresa <a href=\"mailto:office@psycovery.ro\">office@psycovery.ro<\/a> p\u00e2n\u0103 duminic\u0103, 21 iunie, ora 19:00, \u00een care s\u0103-\u0163i descrii sumar situa\u0163ia socio-profesional\u0103 \u015fi suferin\u0163a \u015fi s\u0103 la\u015fi un num\u0103r de telefon de contact. Pe baza acestor informa\u0163ii, vor fi selectate 10 cazuri care vor participa la extragerea de duminic\u0103, 21 iunie, ora 20:00. Dac\u0103 te numeri printre cei 10, vei primi un SMS cu num\u0103rul t\u0103u de participare. \u00cen urma extragerii aleatoare finale, pe pagina <a href=\"http:\/\/www.psycovery.ro\/pro-bono\">www.psycovery.ro\/pro-bono<\/a> va fi afi\u015fat num\u0103rul de participare al c\u00e2\u015ftig\u0103torului. Dac\u0103 este al t\u0103u, a\u015fteapt\u0103-te s\u0103 fii contactat telefonic \u00een aceea\u015fi sear\u0103. Dac\u0103 nu po\u0163i fi contactat, se va relua extragerea p\u00e2n\u0103 c\u00e2nd va fi validat c\u00e2\u015ftig\u0103torul.<\/p>\n<p>\u00cenainte de a te \u00eenscrie, asigur\u0103-te c\u0103 po\u0163i ajunge o dat\u0103 pe s\u0103pt\u0103m\u00e2n\u0103 la cabinetul din Panduri: <a href=\"http:\/\/www.psycovery.ro\/contact\">http:\/\/www.psycovery.ro\/contact<\/a><\/p>\n<p>*Numele c\u00e2\u015ftig\u0103torului nu va fi f\u0103cut public din considerente deontologice.<\/p>\n<p>**Po\u0163i participa \u00een numele unei alte persoane (care nu are acces la internet, de exemplu), numai cu acordul acesteia.<\/p>\n<p>***\u00cemi rezerv dreptul de a selecta subiectiv cele zece cazuri.<\/p>\n<p>Extragerea numarului castigator:<\/p>\n<p><iframe loading=\"lazy\" width=\"560\" height=\"315\" src=\"https:\/\/www.youtube.com\/embed\/S0ouuLzy5Gs\" frameborder=\"0\" allowfullscreen><\/iframe><\/p>\n<p>&nbsp;<\/p>\n","protected":false},"excerpt":{"rendered":"<p>Tulbur\u0103rile abordabile \u00een cadrul psihoterapiei cognitiv-comportamentale includ simptomatologii serioase a c\u0103ror cronicizare poate \u00eensemna \u00een destul de multe cazuri un prognostic defavorabil. Toat\u0103 lumea \u015ftie c\u0103 o depresie netratat\u0103 poate uneori evolua p\u00e2n\u0103 la suicid, de exemplu. O tulburare de panic\u0103 netratat\u0103 poate evolua \u00een agorafobie, una din consecin\u0163ele grave ale acesteia fiind pierderea locului [&hellip;]<\/p>\n","protected":false},"author":1,"featured_media":0,"parent":0,"menu_order":0,"comment_status":"closed","ping_status":"open","template":"","meta":{"footnotes":""},"class_list":["post-1396","page","type-page","status-publish","hentry"],"_links":{"self":[{"href":"https:\/\/www.psycovery.ro\/index.php?rest_route=\/wp\/v2\/pages\/1396","targetHints":{"allow":["GET"]}}],"collection":[{"href":"https:\/\/www.psycovery.ro\/index.php?rest_route=\/wp\/v2\/pages"}],"about":[{"href":"https:\/\/www.psycovery.ro\/index.php?rest_route=\/wp\/v2\/types\/page"}],"author":[{"embeddable":true,"href":"https:\/\/www.psycovery.ro\/index.php?rest_route=\/wp\/v2\/users\/1"}],"replies":[{"embeddable":true,"href":"https:\/\/www.psycovery.ro\/index.php?rest_route=%2Fwp%2Fv2%2Fcomments&post=1396"}],"version-history":[{"count":6,"href":"https:\/\/www.psycovery.ro\/index.php?rest_route=\/wp\/v2\/pages\/1396\/revisions"}],"predecessor-version":[{"id":1407,"href":"https:\/\/www.psycovery.ro\/index.php?rest_route=\/wp\/v2\/pages\/1396\/revisions\/1407"}],"wp:attachment":[{"href":"https:\/\/www.psycovery.ro\/index.php?rest_route=%2Fwp%2Fv2%2Fmedia&parent=1396"}],"curies":[{"name":"wp","href":"https:\/\/api.w.org\/{rel}","templated":true}]}}