{"id":1464,"date":"2019-11-26T17:49:00","date_gmt":"2019-11-26T14:49:00","guid":{"rendered":"http:\/\/www.psycovery.ro\/?page_id=1464"},"modified":"2019-11-26T17:51:25","modified_gmt":"2019-11-26T14:51:25","slug":"politica-de-confidentialitate-a-aplicatiei-insightout%ef%bb%bf","status":"publish","type":"page","link":"https:\/\/www.psycovery.ro\/?page_id=1464","title":{"rendered":"Politica de confiden\u021bialitate a aplica\u021biei InsightOut\ufeff"},"content":{"rendered":"<p>Aceast\u0103 aplica\u021bie colecteaz\u0103 unele date cu caracter personal de la utilizatorii s\u0103i.<br><\/p><p><strong>Rezumatul politicii<\/strong><br><\/p><p>Datele cu caracter personal colectate \u00een urm\u0103toarele scopuri \u0219i folosind urm\u0103toarele servicii:<\/p><p><\/p><p><strong>\u00cenregistrare \u0219i autentificare<\/strong><br><\/p><p><strong><em>Firebase Authentication<\/em><\/strong><br><\/p><p><strong>Date personale<\/strong>: <em>adresa de e-mail<\/em><\/p><p><\/p><p><strong>Completare a datelor de perspectiv\u0103<\/strong><br><\/p><p><strong><em>Firebase Realtime Database<\/em><\/strong><br><\/p><p><strong>Date personale<\/strong>: Date de utilizare; Datele trimise de utilizator &#8211; informa\u021bii, opinii, interpret\u0103ri, g\u00e2nduri<br><\/p><p><strong>Informa\u021bii de contact<\/strong><br><\/p><p><strong>Proprietar \u0219i controlor de date<\/strong><br><\/p><p>Tech Heroes SRL, Str. Aluni\u0219ului, Nr. 59, Sector 4, Bucure\u0219ti<br><\/p><p>Adresa de e-mail de contact a proprietarului: <a href=\"mailto:doru.popescu@didsecure.ro\">doru.popescu@didsecure.ro<\/a><\/p><p><\/p><p><strong>Politic\u0103 complet\u0103<\/strong><br><\/p><p><strong>Proprietar \u0219i controlor de date<\/strong><br><\/p><p>Tech Heroes SRL, Str. Aluni\u0219ului, Nr. 59, Sector 4, Bucure\u0219ti<br><\/p><p>Adresa de e-mail de contact a proprietarului: <a href=\"mailto:doru.popescu@didsecure.ro\">doru.popescu@didsecure.ro<\/a><br><\/p><p><strong>Tipuri de date colectate<\/strong><br><\/p><p>Printre tipurile de date cu caracter personal pe care le colecteaz\u0103 aceast\u0103 aplica\u021bie, de una singur\u0103 sau prin ter\u021bi, se num\u0103r\u0103: adresa de e-mail, perspective personale, opinii, interpret\u0103ri, g\u00e2nduri.<\/p><p>Detalii complete cu privire la fiecare tip de date cu caracter personal colectate sunt furnizate \u00een sec\u021biunile dedicate ale acestei politici de confiden\u021bialitate sau prin texte explicative specifice afi\u0219ate \u00eenainte de colectarea datelor.<\/p><p>Datele cu caracter personal pot fi furnizate \u00een mod liber de c\u0103tre Utilizator sau, \u00een cazul Datelor de utilizare, colectate automat la utilizarea acestei Aplica\u021bii.<\/p><p>Cu excep\u021bia cazului \u00een care se specific\u0103 altfel, toate datele solicitate de aceast\u0103 Aplica\u021bie sunt obligatorii, iar refuzul furniz\u0103rii acestor date poate face imposibil\u0103 utilizarea Aplica\u021biei. \u00cen cazurile \u00een care Aplica\u021bia afirm\u0103 \u00een mod specific c\u0103 unele date nu sunt obligatorii, utilizatorii sunt liberi s\u0103 nu comunice aceste date f\u0103r\u0103 consecin\u021be asupra disponibilit\u0103\u021bii sau func\u021bion\u0103rii Aplica\u021biei.<\/p><p>Utilizatorii care nu sunt siguri cu privire la datele personale obligatorii pot \u00een orice moment s\u0103 contacteze Proprietarul. Orice utilizare a Cookie-urilor &#8211; sau a altor instrumente de urm\u0103rire &#8211; de c\u0103tre aceast\u0103 Aplica\u021bie sau de c\u0103tre proprietarii serviciilor ter\u021be utilizate de aceast\u0103 Aplica\u021bie are scopul de a furniza Serviciul solicitat de c\u0103tre Utilizator, pe l\u00e2ng\u0103 orice alte scopuri descrise \u00een prezentul document \u0219i \u00een Politica privind cookie-urile, dac\u0103 este disponibil\u0103.<\/p><p>Utilizatorii sunt responsabili pentru orice date cu caracter personal ale unor ter\u021bi, ob\u021binute, publicate sau partajate prin intermediul acestei aplica\u021bii \u0219i confirm\u0103 faptul c\u0103 au acordul acestor ter\u021bi pentru a furniza Datele Proprietarului.<br><\/p><p><strong>Modul \u0219i locul prelucr\u0103rii Datelor<\/strong><br><\/p><p><strong>Metode de prelucrare<\/strong><br><\/p><p>Proprietarul ia m\u0103suri de securitate adecvate pentru a preveni accesul, dezv\u0103luirea, modificarea sau distrugerea neautorizat\u0103 a datelor.<\/p><p>Prelucrarea datelor se realizeaz\u0103 utiliz\u00e2nd calculatoare \u0219i \/ sau instrumente IT, urm\u00e2nd procedurile organiza\u021bionale \u0219i modurile strict legate de scopurile indicate. \u00cen afar\u0103 de Proprietar, \u00een unele cazuri, Datele pot fi accesibile pentru anumite tipuri de persoane responsabile, implicate \u00een func\u021bionarea acestei Aplica\u021bii (administrare, v\u00e2nz\u0103ri, marketing, administrare juridic\u0103, sistem) sau p\u0103r\u021bi externe (cum ar fi ter\u021bii- furnizori de servicii tehnice, furnizori de servicii de e-mail, furnizori de g\u0103zduire, companii IT, agen\u021bii de comunicare) desemna\u021bi, dac\u0103 este necesar, ca prelucratori de date de c\u0103tre Proprietar. Lista actualizat\u0103 a acestor p\u0103r\u021bi poate fi solicitat\u0103 Proprietarului \u00een orice moment.<br><\/p><p><strong>Temeiul legal al proces\u0103rii<\/strong><br><\/p><p>Proprietarul poate prelucra Datele cu caracter personal referitoare la Utilizatori dac\u0103 se aplic\u0103 una dintre urm\u0103toarele:<br><\/p><ul class=\"wp-block-list\"><li>utilizatorii \u0219i-au dat consim\u021b\u0103m\u00e2ntul pentru unul sau mai multe scopuri specifice. Not\u0103: \u00cen anumite legisla\u021bii, Proprietarului \u00eei poate fi permis s\u0103 prelucreze Datele cu caracter personal p\u00e2n\u0103 c\u00e2nd Utilizatorul se opune unei astfel de prelucr\u0103ri (\u201erenun\u021bare\u201d), f\u0103r\u0103 a fi nevoie s\u0103 se bazeze pe consim\u021b\u0103m\u00e2nt sau pe oricare din urm\u0103toarele baze legale. Totu\u0219i, acest lucru nu se aplic\u0103 ori de c\u00e2te ori prelucrarea datelor cu caracter personal este supus\u0103 legisla\u021biei europene privind protec\u021bia datelor;<\/li><li>furnizarea de date este necesar\u0103 pentru \u00eendeplinirea unui acord cu Utilizatorul \u0219i \/ sau pentru orice obliga\u021bii pre-contractuale ale acestora;<\/li><li>prelucrarea este necesar\u0103 pentru respectarea unei obliga\u021bii legale la care este supus Proprietarul;<\/li><li>prelucrarea este legat\u0103 de o sarcin\u0103 care se desf\u0103\u0219oar\u0103 \u00een interes public sau \u00een exercitarea autorit\u0103\u021bii oficiale \u00een care a fost \u00eenvestit Proprietarul;<\/li><li>prelucrarea este necesar\u0103 \u00een scopul intereselor legitime urm\u0103rite de Proprietar sau de c\u0103tre un ter\u021b.<\/li><\/ul><p>\u00cen orice caz, Proprietarul va interveni cu celeritate s\u0103 clarifice baza juridic\u0103 specific\u0103 care se aplic\u0103 proces\u0103rii \u0219i, \u00een special, dac\u0103 furnizarea de date cu caracter personal este o cerin\u021b\u0103 legal\u0103 sau contractual\u0103 sau o cerin\u021b\u0103 necesar\u0103 pentru a \u00eencheia un contract.<br><\/p><p><strong>Loc<\/strong><br><\/p><p>Datele sunt prelucrate la birourile de operare ale Proprietarului \u0219i \u00een orice alte locuri unde se afl\u0103 p\u0103r\u021bile implicate \u00een prelucrare.<\/p><p>\u00cen func\u021bie de loca\u021bia Utilizatorului, transferurile de date pot implica transferul datelor Utilizatorului \u00eentr-o alt\u0103 \u021bar\u0103 dec\u00e2t cea proprie. Pentru a afla mai multe despre locul de prelucrare a acestor date transferate, utilizatorii pot verifica sec\u021biunea care con\u021bine detalii despre prelucrarea datelor cu caracter personal.<\/p><p>Utilizatorii au, de asemenea, dreptul de a afla despre baza legal\u0103 a transferurilor de date \u00eentr-o \u021bar\u0103 din afara Uniunii Europene sau oric\u0103rei organiza\u021bii interna\u021bionale guvernate de dreptul interna\u021bional public sau oricare \u00een\u021belegere \u00eentre dou\u0103 sau mai multe \u021b\u0103ri, precum ONU, \u0219i despre m\u0103surile de securitate luate de c\u0103tre Proprietar pentru a le proteja Datele.<\/p><p>Dac\u0103 are loc un astfel de transfer, utilizatorii pot afla mai multe, consult\u00e2nd sec\u021biunile relevante din acest document sau pot solicita proprietarului l\u0103muriri suplimentare folosind informa\u021biile furnizate \u00een sec\u021biunea de contact.<br><\/p><p><strong>Timp de reten\u021bie<\/strong><br><\/p><p>Datele cu caracter personal sunt prelucrate \u0219i stocate at\u00e2t timp c\u00e2t este necesar \u00een scopul pentru care au fost colectate.<br><\/p><p><strong>Prin urmare<\/strong>:<br><\/p><ul class=\"wp-block-list\"><li>Datele cu caracter personal colectate \u00een scopuri legate de executarea unui contract \u00eentre Proprietar \u0219i Utilizator se p\u0103streaz\u0103 p\u00e2n\u0103 la \u00eendeplinirea complet\u0103 a acestui contract.<\/li><li>Datele cu caracter personal colectate \u00een scopul intereselor legitime ale Proprietarului vor fi p\u0103strate at\u00e2t timp c\u00e2t este necesar pentru \u00eendeplinirea acestor scopuri. Utilizatorii pot g\u0103si informa\u021bii specifice cu privire la interesele legitime urm\u0103rite de Proprietar \u00een sec\u021biunile relevante ale acestui document sau prin contactarea Proprietarului.<\/li><\/ul><p>Proprietarului i se poate permite s\u0103 p\u0103streze Datele cu Caracter Personal pentru o perioad\u0103 mai lung\u0103 ori de c\u00e2te ori Utilizatorul a dat consim\u021b\u0103m\u00e2ntul pentru o astfel de prelucrare, at\u00e2ta timp c\u00e2t un astfel de consim\u021b\u0103m\u00e2nt nu este retras. \u00cen plus, proprietarul poate fi obligat s\u0103 p\u0103streze datele cu caracter personal pentru o perioad\u0103 mai lung\u0103, ori de c\u00e2te ori i se cere acest lucru pentru \u00eendeplinirea unei obliga\u021bii legale sau la ordinul unei autorit\u0103\u021bi.<\/p><p>Dup\u0103 expirarea perioadei de p\u0103strare, datele personale sunt \u0219terse. Prin urmare, dreptul la acces, dreptul la \u0219tergere, dreptul la rectificare \u0219i dreptul la portabilitatea datelor nu pot fi aplicate dup\u0103 expirarea perioadei de p\u0103strare.<br><\/p><p><strong>Scopurile prelucr\u0103rii<\/strong><br><\/p><p>Datele referitoare la Utilizator sunt colectate pentru a permite Proprietarului s\u0103 furnizeze Serviciile sale, precum \u0219i pentru urm\u0103toarele scopuri: \u00cenregistrare \u0219i autentificare.<\/p><p>Utilizatorii pot g\u0103si informa\u021bii suplimentare detaliate despre astfel de scopuri de prelucrare \u0219i despre datele personale specifice utilizate \u00een fiecare scop \u00een sec\u021biunile respective ale acestui document.<br><\/p><p><strong>Informa\u021bii detaliate despre prelucrarea Datelor cu Caracter Personal<\/strong><br><\/p><p>Datele cu Caracter Personal sunt colectate \u00een urm\u0103toarele scopuri \u0219i folosind urm\u0103toarele servicii:<br><\/p><p><strong>\u00cenregistrare \u0219i autentificare<\/strong><br><\/p><p>Prin \u00eenregistrare sau autentificare, utilizatorii permit acestei aplica\u021bii s\u0103 \u00eei identifice \u0219i s\u0103 le ofere acces la servicii dedicate.<\/p><p>\u00cen func\u021bie de ceea ce este descris mai jos, ter\u021bii pot furniza servicii de \u00eenregistrare \u0219i autentificare. \u00cen acest caz, aceast\u0103 aplica\u021bie va putea accesa unele date, stocate de aceste servicii ter\u021be, \u00een scopuri de \u00eenregistrare sau identificare.<br><\/p><p><strong><em>Firebase Authentication (Google LLC)<\/em><\/strong><br><\/p><p>Firebase Authentication este un serviciu de \u00eenregistrare \u0219i autentificare furnizat de Google LLC. Pentru a simplifica procesul de \u00eenregistrare \u0219i autentificare, Firebase Authentication poate folosi ter\u021bi furnizori de identitate \u0219i poate salva informa\u021biile de pe platforma sa.<br><\/p><p><strong>Date personale colectate<\/strong>: adresa de e-mail.<\/p><p><strong>Locul proces\u0103rii<\/strong>: Statele Unite &#8211; Politica de confiden\u021bialitate (<a href=\"https:\/\/policies.google.com\/privacy?hl=ro\">https:\/\/policies.google.com\/privacy?hl=ro<\/a>).<\/p><p><strong>Membru Privacy Shield.<\/strong><br><\/p><p><strong>Completare a datelor de perspectiv\u0103<\/strong><br><\/p><p>Acest tip de serviciu are ca scop g\u0103zduirea de date \u0219i fi\u0219iere care permit rularea \u0219i distribuirea acestei aplica\u021bii, precum \u0219i furnizarea unei infrastructuri gata preg\u0103tite pentru a rula anumite caracteristici sau p\u0103r\u021bi din aceast\u0103 aplica\u021bie.<br><\/p><p><strong><em>Firebase Realtime Database (Google Inc.)<\/em><\/strong><br><\/p><p>Firebase Realtime Database este un serviciu de g\u0103zduire \u0219i backend furnizat de Google Inc.<br><\/p><p><strong>Date personale colectate<\/strong>: Date de utilizare; Datele trimise de utilizator &#8211; perspective personale, opinii, interpret\u0103ri, g\u00e2nduri.<\/p><p><strong>Locul proces\u0103rii<\/strong>: Statele Unite &#8211; Politica de confiden\u021bialitate (<a href=\"https:\/\/policies.google.com\/privacy?hl=ro\">https:\/\/policies.google.com\/privacy?hl=ro<\/a>).<\/p><p><strong>Membru Privacy Shield.<\/strong><br><\/p><p><strong>Drepturile Utilizatorilor<\/strong><br><\/p><p>Utilizatorii pot exercita anumite drepturi cu privire la Datele lor prelucrate de Proprietar.<\/p><p>\u00cen special, utilizatorii au dreptul s\u0103 fac\u0103 urm\u0103toarele:<br><\/p><ul class=\"wp-block-list\"><li>Retragerea consim\u021b\u0103m\u00e2ntul \u00een orice moment. Utilizatorii au dreptul de a retrage consim\u021b\u0103m\u00e2ntul acolo unde \u0219i-au dat anterior consim\u021b\u0103m\u00e2ntul pentru prelucrarea datelor lor cu caracter personal.<\/li><li>Obiectul prelucr\u0103rii datelor lor. Utilizatorii au dreptul s\u0103 se opun\u0103 prelucr\u0103rii datelor lor dac\u0103 prelucrarea este efectuat\u0103 pe o baz\u0103 legal\u0103, alta dec\u00e2t consim\u021b\u0103m\u00e2ntul. Mai multe detalii sunt disponibile \u00een sec\u021biunea dedicat\u0103 de mai jos.<\/li><li>Accesarea datele lor. Utilizatorii au dreptul s\u0103 afle dac\u0103 Datele sunt prelucrate de c\u0103tre Proprietar, s\u0103 ob\u021bin\u0103 clarific\u0103ri cu privire la anumite aspecte ale prelucr\u0103rii \u0219i s\u0103 ob\u021bin\u0103 o copie a Datelor care sunt procesate.<\/li><li>Verificare \u0219i solicitare de rectificare. Utilizatorii au dreptul s\u0103 verifice acurate\u021bea Datelor lor \u0219i s\u0103 solicite actualizarea sau corectarea acestora.<\/li><li>Limitarea prelucr\u0103rii datelor lor. Utilizatorii au dreptul, \u00een anumite circumstan\u021be, s\u0103 restric\u021bioneze prelucrarea datelor lor. \u00cen acest caz, Proprietarul nu le va prelucra Datele \u00een alte scopuri dec\u00e2t stocarea acestora.<\/li><li>\u0218tergerea sau eliminarea datele lor personale. Utilizatorii au dreptul, \u00een anumite circumstan\u021be, s\u0103 ob\u021bin\u0103 \u0219tergerea datelor lor de la Proprietar.<\/li><li>Exportul datelor \u0219i transferul c\u0103tre un alt operator. Utilizatorii au dreptul s\u0103 primeasc\u0103 datele lor \u00eentr-un format structurat, utilizat \u00een mod obi\u0219nuit \u0219i care poate fi citit de ma\u0219ini \u0219i dac\u0103 este posibil din punct de vedere tehnic, s\u0103 le transmit\u0103 unui alt procesator f\u0103r\u0103 nicio piedic\u0103. Aceast\u0103 prevedere este aplicabil\u0103 cu condi\u021bia ca Datele s\u0103 fie prelucrate prin mijloace automatizate \u0219i prelucrarea acestora bazat\u0103 pe consim\u021b\u0103m\u00e2ntul Utilizatorului, pe un contract din care Utilizatorul face parte sau pe obliga\u021bii pre-contractuale ale acestora.<\/li><li>Depunerea unei reclama\u021bii. Utilizatorii au dreptul de a depune o reclama\u021bie \u00een fa\u021ba autorit\u0103\u021bii competente de protec\u021bie a datelor.<\/li><\/ul><p><strong>Detalii despre dreptul de a se opune proces\u0103rii<\/strong><br><\/p><p>\u00cen cazul \u00een care Datele cu caracter personal sunt prelucrate pentru un interes public, \u00een exercitarea unei autorit\u0103\u021bi oficiale atribuite titularului sau \u00een scopul intereselor legitime urm\u0103rite de proprietar, utilizatorii pot obiecta la aceast\u0103 prelucrare, oferind un motiv legat de situa\u021bia lor particular\u0103 pentru justifica obiec\u021bia.<\/p><p>Utilizatorii trebuie s\u0103 \u0219tie c\u0103, \u00een cazul \u00een care Datele lor personale sunt prelucrate \u00een scopuri de marketing direct, se pot opune oric\u00e2nd prelucr\u0103rii respective, f\u0103r\u0103 s\u0103 ofere nicio justificare. Pentru a afla dac\u0103 proprietarul prelucreaz\u0103 datele cu caracter personal \u00een scop de marketing direct, utilizatorii se pot referi la sec\u021biunile relevante din acest document.<br><\/p><p><strong>Mod de exercitare a acestor drepturi<\/strong><br><\/p><p>Orice solicit\u0103ri de exercitare a drepturilor utilizatorului pot fi direc\u021bionate c\u0103tre Proprietar prin datele de contact furnizate \u00een acest document. Aceste solicit\u0103ri pot fi exercitate gratuit \u0219i vor fi adresate de c\u0103tre Proprietar \u00een cel mai scurt timp, \u00een decurs de o lun\u0103.<br><\/p><p><strong>Informa\u021bii suplimentare despre colectarea \u0219i prelucrarea datelor<\/strong><br><\/p><p><strong>Ac\u021biune legal\u0103<\/strong><br><\/p><p>Datele cu caracter personal ale Utilizatorului pot fi utilizate \u00een scopuri legale de c\u0103tre Proprietar \u00een instan\u021b\u0103 sau \u00een etapele care conduc la o posibil\u0103 ac\u021biune juridic\u0103 care rezult\u0103 din utilizarea necorespunz\u0103toare a acestei Aplica\u021bii sau a Serviciilor aferente. Utilizatorul declar\u0103 c\u0103 este con\u0219tient c\u0103 Proprietarului i se poate cere s\u0103 dezv\u0103luie date cu caracter personal la solicitarea autorit\u0103\u021bilor publice.<br><\/p><p><strong>Informa\u021bii suplimentare despre datele personale ale utilizatorului<\/strong><\/p><p>Pe l\u00e2ng\u0103 informa\u021biile con\u021binute \u00een aceast\u0103 politic\u0103 de confiden\u021bialitate, aceast\u0103 aplica\u021bie poate oferi Utilizatorului informa\u021bii suplimentare \u0219i contextuale referitoare la anumite servicii sau colectarea \u0219i prelucrarea datelor cu caracter personal, la cerere.<br><\/p><p><strong>Jurnalele de sistem \u0219i mentenan\u021ba<\/strong><br><\/p><p>\u00cen scop de operare \u0219i mentenan\u021b\u0103, aceast\u0103 Aplica\u021bie \u0219i orice servicii ter\u021be pot colecta fi\u0219iere care \u00eenregistreaz\u0103 interac\u021biunea cu aceast\u0103 Aplica\u021bie (jurnale de sistem) folosind alte date cu caracter personal (cum ar fi adresa IP) \u00een acest scop.<br><\/p><p><strong>Informa\u021bii care nu sunt cuprinse \u00een aceast\u0103 politic\u0103<\/strong><br><\/p><p>Mai multe detalii privind colectarea sau prelucrarea datelor cu caracter personal pot fi solicitate \u00een orice moment Proprietarului. V\u0103 rug\u0103m s\u0103 consulta\u021bi informa\u021biile de contact de la \u00eenceputul acestui document.<br><\/p><p><strong>Cum sunt gestionate cererile \u201eNu urm\u0103ri\u021bi\u201d<\/strong><br><\/p><p>Aceast\u0103 aplica\u021bie nu accept\u0103 cererile \u201eNu urm\u0103ri\u021bi\u201d. Pentru a stabili dac\u0103 oricare dintre serviciile ter\u021be pe care le utilizeaz\u0103 respect\u0103 solicit\u0103rile \u201eNu urm\u0103ri\u021bi\u201d, v\u0103 rug\u0103m s\u0103 citi\u021bi politicile lor de confiden\u021bialitate.<br><\/p><p><strong>Modific\u0103ri ale acestei politici de confiden\u021bialitate<\/strong><br><\/p><p>Proprietarul \u00ee\u0219i rezerv\u0103 dreptul de a efectua modific\u0103ri asupra acestei politici de confiden\u021bialitate \u00een orice moment, notific\u00e2nd Utilizatorii s\u0103i de pe aceast\u0103 pagin\u0103 \u0219i posibil \u00een cadrul acestei Aplica\u021bii \u0219i \/ sau &#8211; \u00een m\u0103sura posibilit\u0103\u021bilor din punct de vedere tehnic \u0219i legal &#8211; trimit\u00e2nd o notificare c\u0103tre Utilizatori prin orice modalitate de contact disponibil\u0103 Proprietarului. Este recomandat s\u0103 verifica\u021bi frecvent aceast\u0103 pagin\u0103, referindu-v\u0103 la data ultimei modific\u0103ri afisat\u0103 \u00een partea de jos a paginii.<br><\/p><p>\u00cen cazul \u00een care modific\u0103rile afecteaz\u0103 activit\u0103\u021bile de procesare efectuate pe baza consim\u021b\u0103m\u00e2ntului utilizatorului, proprietarul va colecta un nou acord din partea utilizatorului, acolo unde este necesar.<br><\/p><p><strong>Defini\u021bii \u0219i referin\u021be legale<\/strong><br><\/p><p><strong>Date personale (sau Date)<\/strong><br><\/p><p>Orice informa\u021bie care, direct, indirect sau \u00een leg\u0103tur\u0103 cu alte informa\u021bii &#8211; inclusiv un num\u0103r de identificare personal &#8211; permite identificarea sau identificabilitatea unei persoane fizice.<br><\/p><p><strong>Date de utilizare<\/strong><br><\/p><p>Informa\u021bii colectate automat prin aceast\u0103 aplica\u021bie (sau servicii ter\u021be utilizate \u00een aceast\u0103 aplica\u021bie), care pot include: adresele IP sau numele de domeniu ale computerelor utilizate de utilizatorii care utilizeaz\u0103 aceast\u0103 aplica\u021bie, adresele URI (Uniform Resource Identifier), ora solicit\u0103rii, metoda utilizat\u0103 pentru a trimite solicitarea c\u0103tre server, dimensiunea fi\u0219ierului primit ca r\u0103spuns, codul numeric care indic\u0103 starea r\u0103spunsului serverului (rezultatul cu succes, eroarea etc.), \u021bara de origine, caracteristicile browserului \u0219i ale sistemului de operare utilizat de Utilizator, diferitele detalii de timp pe vizit\u0103 (de exemplu, timpul petrecut pe fiecare pagin\u0103 din Aplica\u021bie) \u0219i detaliile despre calea urmat\u0103 \u00een Aplica\u021bie cu referire special\u0103 la secven\u021ba de pagini vizitate \u0219i al\u021bi parametri despre sistemul de operare al dispozitivului \u0219i \/ sau mediul IT al Utilizatorului.<br><\/p><p><strong>Utilizator<\/strong><br><\/p><p>Persoana care folose\u0219te aceast\u0103 aplica\u021bie care, cu excep\u021bia cazului \u00een care se specific\u0103 altfel, coincide cu Persoana Vizat\u0103.<br><\/p><p><strong>Datele completate de c\u0103tre utilizator<\/strong><br><\/p><p>Perspective personale, opinii, interpret\u0103ri, g\u00e2nduri.<br><\/p><p><strong>Persoana Vizat\u0103<\/strong><br><\/p><p>Persoana fizic\u0103 la care se refer\u0103 Datele cu caracter personal.<br><\/p><p><strong>Procesator de date (sau Supervizor de date)<\/strong><br><\/p><p>Persoana fizic\u0103 sau juridic\u0103, autoritatea public\u0103, agen\u021bia sau orice alt organism care prelucreaz\u0103 datele cu caracter personal \u00een numele Controlorului, a\u0219a cum este descris \u00een aceast\u0103 politic\u0103 de confiden\u021bialitate.<br><\/p><p><strong>Controlor de date (sau Proprietar)<\/strong><br><\/p><p>Persoana fizic\u0103 sau juridic\u0103, autoritatea public\u0103, agen\u021bia sau orice alt organism care, singur sau \u00een comun cu alte persoane, determin\u0103 scopurile \u0219i mijloacele prelucr\u0103rii datelor cu caracter personal, inclusiv m\u0103surile de securitate referitoare la operarea \u0219i utilizarea prezentei cereri. Dac\u0103 nu se specific\u0103 altfel, controlorul de date este proprietarul acestei aplica\u021bii.<br><\/p><p><strong>Aplica\u021bie<\/strong><br><\/p><p>Mijloacele prin care datele personale ale utilizatorului sunt colectate \u0219i prelucrate.<\/p><p>Serviciu<br><\/p><p>Serviciul furnizat de aceast\u0103 aplica\u021bie a\u0219a cum este descris \u00een termeni relativi (dac\u0103 sunt disponibili) \u0219i pe acest site \/ aplica\u021bie.<br><\/p><p><strong>Uniunea European\u0103 (sau UE)<\/strong><br><\/p><p>Dac\u0103 nu se specific\u0103 altfel, toate referin\u021bele f\u0103cute \u00een acest document la Uniunea European\u0103 includ toate statele actualmente membre ale Uniunii Europene \u0219i Spa\u021biului Economic European.<br><\/p><p><strong>Informa\u021bii legale<\/strong><br><\/p><p>Aceast\u0103 politic\u0103 de confiden\u021bialitate a fost \u00eentocmit\u0103 pe baza prevederilor mai multor legisla\u021bii, inclusiv ale art. 13\/14 din Regulamentul (UE) 2016\/679 (Regulamentul general privind protec\u021bia datelor).<\/p><p>Aceast\u0103 politic\u0103 de confiden\u021bialitate se refer\u0103 exclusiv la aceast\u0103 aplica\u021bie, dac\u0103 nu este specificat\u0103 altfel \u00een acest document.<br><\/p><p><em>Ultima actualizare: 27 septembrie 2019<\/em><\/p>","protected":false},"excerpt":{"rendered":"<p>Aceast\u0103 aplica\u021bie colecteaz\u0103 unele date cu caracter personal de la utilizatorii s\u0103i. Rezumatul politicii Datele cu caracter personal colectate \u00een urm\u0103toarele scopuri \u0219i folosind urm\u0103toarele servicii: \u00cenregistrare \u0219i autentificare Firebase Authentication Date personale: adresa de e-mail Completare a datelor de perspectiv\u0103 Firebase Realtime Database Date personale: Date de utilizare; Datele trimise de utilizator &#8211; informa\u021bii, [&hellip;]<\/p>\n","protected":false},"author":1,"featured_media":0,"parent":0,"menu_order":0,"comment_status":"closed","ping_status":"closed","template":"","meta":{"footnotes":""},"class_list":["post-1464","page","type-page","status-publish","hentry"],"_links":{"self":[{"href":"https:\/\/www.psycovery.ro\/index.php?rest_route=\/wp\/v2\/pages\/1464","targetHints":{"allow":["GET"]}}],"collection":[{"href":"https:\/\/www.psycovery.ro\/index.php?rest_route=\/wp\/v2\/pages"}],"about":[{"href":"https:\/\/www.psycovery.ro\/index.php?rest_route=\/wp\/v2\/types\/page"}],"author":[{"embeddable":true,"href":"https:\/\/www.psycovery.ro\/index.php?rest_route=\/wp\/v2\/users\/1"}],"replies":[{"embeddable":true,"href":"https:\/\/www.psycovery.ro\/index.php?rest_route=%2Fwp%2Fv2%2Fcomments&post=1464"}],"version-history":[{"count":1,"href":"https:\/\/www.psycovery.ro\/index.php?rest_route=\/wp\/v2\/pages\/1464\/revisions"}],"predecessor-version":[{"id":1466,"href":"https:\/\/www.psycovery.ro\/index.php?rest_route=\/wp\/v2\/pages\/1464\/revisions\/1466"}],"wp:attachment":[{"href":"https:\/\/www.psycovery.ro\/index.php?rest_route=%2Fwp%2Fv2%2Fmedia&parent=1464"}],"curies":[{"name":"wp","href":"https:\/\/api.w.org\/{rel}","templated":true}]}}