{"id":20,"date":"2010-07-01T08:51:17","date_gmt":"2010-07-01T08:51:17","guid":{"rendered":"http:\/\/www.psycovery.ro\/?page_id=20"},"modified":"2024-09-03T19:55:08","modified_gmt":"2024-09-03T16:55:08","slug":"servicii","status":"publish","type":"page","link":"https:\/\/www.psycovery.ro\/?page_id=20","title":{"rendered":"Servicii"},"content":{"rendered":"<ul>\n<li><span style=\"color: #000000;\"><span style=\"color: #000000;\"><a title=\"psihoterapie individuala\" href=\"http:\/\/www.psycovery.ro\/psihoterapie-individuala\"><span style=\"color: #000000;\">Psihoterapie individual\u0103<\/span> (\u00een cabinet sau online) &#8211; 250 lei \/ \u0219edin\u021b\u0103<\/a><\/span><\/span><\/li>\n<li>Dezvoltare personal\u0103 (\u00een cabinet sau online) 300 lei \/ \u0219edin\u021b\u0103<\/li>\n<li>Consultan\u021b\u0103 \/ asisten\u021b\u0103 \u00een proiecte personale (via e-mail) &#8211; 900 lei (abonament lunar)<\/li>\n<\/ul>\n<p><script type=\"mce-text\/javascript\">\/\/ <![CDATA[ (function(i,s,o,g,r,a,m){i['GoogleAnalyticsObject']=r;i[r]=i[r]||function(){ (i[r].q=i[r].q||[]).push(arguments)},i[r].l=1*new Date();a=s.createElement(o), m=s.getElementsByTagName(o)[0];a.async=1;a.src=g;m.parentNode.insertBefore(a,m) })(window,document,'script','\/\/www.google-analytics.com\/analytics.js','ga'); ga('create', 'UA-49952736-1', 'psycovery.ro'); ga('send', 'pageview'); \/\/ ]]><\/script><\/p>\n","protected":false},"excerpt":{"rendered":"<p>Psihoterapie individual\u0103 (\u00een cabinet sau online) &#8211; 250 lei \/ \u0219edin\u021b\u0103 Dezvoltare personal\u0103 (\u00een cabinet sau online) 300 lei \/ \u0219edin\u021b\u0103 Consultan\u021b\u0103 \/ asisten\u021b\u0103 \u00een proiecte personale (via e-mail) &#8211; 900 lei (abonament lunar)<\/p>\n","protected":false},"author":1,"featured_media":0,"parent":0,"menu_order":1,"comment_status":"closed","ping_status":"closed","template":"","meta":{"footnotes":""},"class_list":["post-20","page","type-page","status-publish","hentry"],"_links":{"self":[{"href":"https:\/\/www.psycovery.ro\/index.php?rest_route=\/wp\/v2\/pages\/20","targetHints":{"allow":["GET"]}}],"collection":[{"href":"https:\/\/www.psycovery.ro\/index.php?rest_route=\/wp\/v2\/pages"}],"about":[{"href":"https:\/\/www.psycovery.ro\/index.php?rest_route=\/wp\/v2\/types\/page"}],"author":[{"embeddable":true,"href":"https:\/\/www.psycovery.ro\/index.php?rest_route=\/wp\/v2\/users\/1"}],"replies":[{"embeddable":true,"href":"https:\/\/www.psycovery.ro\/index.php?rest_route=%2Fwp%2Fv2%2Fcomments&post=20"}],"version-history":[{"count":85,"href":"https:\/\/www.psycovery.ro\/index.php?rest_route=\/wp\/v2\/pages\/20\/revisions"}],"predecessor-version":[{"id":1566,"href":"https:\/\/www.psycovery.ro\/index.php?rest_route=\/wp\/v2\/pages\/20\/revisions\/1566"}],"wp:attachment":[{"href":"https:\/\/www.psycovery.ro\/index.php?rest_route=%2Fwp%2Fv2%2Fmedia&parent=20"}],"curies":[{"name":"wp","href":"https:\/\/api.w.org\/{rel}","templated":true}]}}