{"id":812,"date":"2014-04-12T13:55:01","date_gmt":"2014-04-12T10:55:01","guid":{"rendered":"http:\/\/www.psycovery.ro\/?page_id=812"},"modified":"2017-12-19T19:39:09","modified_gmt":"2017-12-19T16:39:09","slug":"renunta-la-fumat","status":"publish","type":"page","link":"https:\/\/www.psycovery.ro\/?page_id=812","title":{"rendered":"Renun\u0163\u0103 la fumat"},"content":{"rendered":"<p>&nbsp;<\/p>\n<h1><a title=\"De ce fumezi\" href=\"http:\/\/www.psycovery.ro\/de-ce-fumezi\">De ce fumezi?<\/a><\/h1>\n<p><a title=\"De ce fumezi\" href=\"http:\/\/www.psycovery.ro\/de-ce-fumezi\">\u00a0<\/a><\/p>\n<h1><a title=\"De ce vrei sa te lasi?\" href=\"http:\/\/www.psycovery.ro\/de-ce-vrei-sa-te-lasi\">De ce vrei s\u0103 te la\u015fi?<\/a><\/h1>\n<p>&nbsp;<\/p>\n<h1><a title=\"fumatul-partea intunecata\" href=\"http:\/\/www.psycovery.ro\/fumatul-partea-intunecata\">Fumatul \u2013 Partea \u00eentunecat\u0103<\/a><\/h1>\n<p>&nbsp;<\/p>\n<h1><a title=\"renunta-ce sa faci\" href=\"http:\/\/www.psycovery.ro\/renunta-ce-sa-faci\">Renun\u0163\u0103 \u2013 Ce s\u0103 faci?<\/a><\/h1>\n<p>&nbsp;<\/p>\n<h1><a title=\"Vointa si dorinta renunta la fumat\" href=\"http:\/\/www.psycovery.ro\/vointa-si-dorinta-cu-bata-la-un-meci-de-sah\">Voin\u0163a \u015fi Dorin\u0163a \u2013 cu b\u00e2ta la un meci de \u015fah<\/a><\/h1>\n<p>&nbsp;<\/p>\n<h1><a title=\"cum actioneaza nicotina\" href=\"http:\/\/www.psycovery.ro\/cum-actioneaza-nicotina\">Cum ac\u0163ioneaz\u0103\u00a0nicotina?<\/a><\/h1>\n<p>&nbsp;<\/p>\n<h1><a title=\"convingeri false care mentin dependenta\" href=\"http:\/\/www.psycovery.ro\/convingeri-false-care-mentin-dependenta\">Convingeri false care men\u0163in dependen\u0163a<\/a><\/h1>\n<p>&nbsp;<\/p>\n<h1><a title=\"Beneficiile renuntarii la fumat\" href=\"http:\/\/www.psycovery.ro\/beneficii\">Beneficii<\/a><\/h1>\n<p>&nbsp;<\/p>\n<p>&nbsp;<\/p>\n","protected":false},"excerpt":{"rendered":"<p>&nbsp; De ce fumezi? \u00a0 De ce vrei s\u0103 te la\u015fi? &nbsp; Fumatul \u2013 Partea \u00eentunecat\u0103 &nbsp; Renun\u0163\u0103 \u2013 Ce s\u0103 faci? &nbsp; Voin\u0163a \u015fi Dorin\u0163a \u2013 cu b\u00e2ta la un meci de \u015fah &nbsp; Cum ac\u0163ioneaz\u0103\u00a0nicotina? &nbsp; Convingeri false care men\u0163in dependen\u0163a &nbsp; Beneficii &nbsp; &nbsp;<\/p>\n","protected":false},"author":1,"featured_media":0,"parent":0,"menu_order":6,"comment_status":"closed","ping_status":"open","template":"","meta":{"footnotes":""},"class_list":["post-812","page","type-page","status-publish","hentry"],"_links":{"self":[{"href":"https:\/\/www.psycovery.ro\/index.php?rest_route=\/wp\/v2\/pages\/812","targetHints":{"allow":["GET"]}}],"collection":[{"href":"https:\/\/www.psycovery.ro\/index.php?rest_route=\/wp\/v2\/pages"}],"about":[{"href":"https:\/\/www.psycovery.ro\/index.php?rest_route=\/wp\/v2\/types\/page"}],"author":[{"embeddable":true,"href":"https:\/\/www.psycovery.ro\/index.php?rest_route=\/wp\/v2\/users\/1"}],"replies":[{"embeddable":true,"href":"https:\/\/www.psycovery.ro\/index.php?rest_route=%2Fwp%2Fv2%2Fcomments&post=812"}],"version-history":[{"count":53,"href":"https:\/\/www.psycovery.ro\/index.php?rest_route=\/wp\/v2\/pages\/812\/revisions"}],"predecessor-version":[{"id":1448,"href":"https:\/\/www.psycovery.ro\/index.php?rest_route=\/wp\/v2\/pages\/812\/revisions\/1448"}],"wp:attachment":[{"href":"https:\/\/www.psycovery.ro\/index.php?rest_route=%2Fwp%2Fv2%2Fmedia&parent=812"}],"curies":[{"name":"wp","href":"https:\/\/api.w.org\/{rel}","templated":true}]}}